{"id":29129,"date":"2022-01-17T10:26:10","date_gmt":"2022-01-17T10:26:10","guid":{"rendered":"https:\/\/acg.campingsingirona.com\/data-protection\/"},"modified":"2023-11-23T10:54:38","modified_gmt":"2023-11-23T10:54:38","slug":"protection-de-donnees","status":"publish","type":"page","link":"https:\/\/acg.campingsingirona.com\/fr\/protection-de-donnees\/","title":{"rendered":"Data Protection"},"content":{"rendered":"\n<h1 class=\"wp-block-heading has-large-font-size\" id=\"tw-target-text\">Protection de donn\u00e9es<\/h1>\n\n\n\n<p>Data controller: ASSOCIACI\u00d3 DE C\u00c0MPINGS DE GIRONA Legitimation: Express consent of the user Purpose: The management of the subscription to our newsletter Recipients: The data will not be transferred to third parties, except by legal imperative. Rights: At any time you may revoke the consent given and exercise your rights of access, rectification, cancellation and opposition by writing to info@campingsingirona.com. You can consult additional and detailed information about our Privacy Policy at www.campingsingirona.com.<\/p>\n","protected":false},"excerpt":{"rendered":"<p>Protection de donn\u00e9es Data controller: ASSOCIACI\u00d3 DE C\u00c0MPINGS DE GIRONA Legitimation: Express consent of the user Purpose: The management of the subscription to our newsletter Recipients: The data will not be transferred to third parties, except by legal imperative. Rights: At any time you may revoke the consent given and exercise your rights of access, [&hellip;]<\/p>\n","protected":false},"author":1,"featured_media":0,"parent":0,"menu_order":0,"comment_status":"closed","ping_status":"closed","template":"template-texto.php","meta":{"_acf_changed":false,"footnotes":""},"class_list":["post-29129","page","type-page","status-publish","hentry"],"acf":[],"_links":{"self":[{"href":"https:\/\/acg.campingsingirona.com\/fr\/wp-json\/wp\/v2\/pages\/29129","targetHints":{"allow":["GET"]}}],"collection":[{"href":"https:\/\/acg.campingsingirona.com\/fr\/wp-json\/wp\/v2\/pages"}],"about":[{"href":"https:\/\/acg.campingsingirona.com\/fr\/wp-json\/wp\/v2\/types\/page"}],"author":[{"embeddable":true,"href":"https:\/\/acg.campingsingirona.com\/fr\/wp-json\/wp\/v2\/users\/1"}],"replies":[{"embeddable":true,"href":"https:\/\/acg.campingsingirona.com\/fr\/wp-json\/wp\/v2\/comments?post=29129"}],"version-history":[{"count":3,"href":"https:\/\/acg.campingsingirona.com\/fr\/wp-json\/wp\/v2\/pages\/29129\/revisions"}],"predecessor-version":[{"id":104843,"href":"https:\/\/acg.campingsingirona.com\/fr\/wp-json\/wp\/v2\/pages\/29129\/revisions\/104843"}],"wp:attachment":[{"href":"https:\/\/acg.campingsingirona.com\/fr\/wp-json\/wp\/v2\/media?parent=29129"}],"curies":[{"name":"wp","href":"https:\/\/api.w.org\/{rel}","templated":true}]}}