{"id":23558,"date":"2021-09-16T10:58:35","date_gmt":"2021-09-16T10:58:35","guid":{"rendered":"https:\/\/acg.campingsingirona.com\/fournisseurs\/"},"modified":"2026-03-31T10:48:08","modified_gmt":"2026-03-31T10:48:08","slug":"proveedores","status":"publish","type":"page","link":"https:\/\/acg.campingsingirona.com\/es\/proveedores\/","title":{"rendered":"Proveedores"},"content":{"rendered":"\n<div class=\"wp-block-group grup-generic has-background\" style=\"background-color:#327571\"><div class=\"wp-block-group__inner-container is-layout-flow wp-block-group-is-layout-flow\">\n<h3 class=\"wp-block-heading has-text-align-center has-white-color has-text-color has-link-color\"><strong>\u00bfQuieres ser proveedor oficial de la ACG?<\/strong><\/h3>\n\n\n\n<p class=\"has-text-align-center has-white-color has-text-color has-link-color\">Cont\u00e1ctanos en <a href=\"mailto:projectes@campingsingirona.com\">projectes@campingsingirona.com<\/a> y expl\u00edcanos qu\u00e9 servicios ofrec\u00e9is. Nos pondremos<br>en contacto con vosotros lo antes posible para valorar posibles colaboraciones.<\/p>\n<\/div><\/div>\n","protected":false},"excerpt":{"rendered":"<p>\u00bfQuieres ser proveedor oficial de la ACG? Cont\u00e1ctanos en projectes@campingsingirona.com y expl\u00edcanos qu\u00e9 servicios ofrec\u00e9is. Nos pondremosen contacto con vosotros lo antes posible para valorar posibles colaboraciones.<\/p>\n","protected":false},"author":1,"featured_media":0,"parent":0,"menu_order":0,"comment_status":"closed","ping_status":"closed","template":"page-landing-two.php","meta":{"_acf_changed":false,"footnotes":""},"class_list":["post-23558","page","type-page","status-publish","hentry"],"acf":[],"_links":{"self":[{"href":"https:\/\/acg.campingsingirona.com\/es\/wp-json\/wp\/v2\/pages\/23558","targetHints":{"allow":["GET"]}}],"collection":[{"href":"https:\/\/acg.campingsingirona.com\/es\/wp-json\/wp\/v2\/pages"}],"about":[{"href":"https:\/\/acg.campingsingirona.com\/es\/wp-json\/wp\/v2\/types\/page"}],"author":[{"embeddable":true,"href":"https:\/\/acg.campingsingirona.com\/es\/wp-json\/wp\/v2\/users\/1"}],"replies":[{"embeddable":true,"href":"https:\/\/acg.campingsingirona.com\/es\/wp-json\/wp\/v2\/comments?post=23558"}],"version-history":[{"count":22,"href":"https:\/\/acg.campingsingirona.com\/es\/wp-json\/wp\/v2\/pages\/23558\/revisions"}],"predecessor-version":[{"id":118141,"href":"https:\/\/acg.campingsingirona.com\/es\/wp-json\/wp\/v2\/pages\/23558\/revisions\/118141"}],"wp:attachment":[{"href":"https:\/\/acg.campingsingirona.com\/es\/wp-json\/wp\/v2\/media?parent=23558"}],"curies":[{"name":"wp","href":"https:\/\/api.w.org\/{rel}","templated":true}]}}