{"id":17326,"date":"2021-04-28T08:46:23","date_gmt":"2021-04-28T08:46:23","guid":{"rendered":"https:\/\/acg.campingsingirona.com\/publicacio-imatges\/"},"modified":"2023-11-24T08:03:41","modified_gmt":"2023-11-24T08:03:41","slug":"publicacion-imagenes","status":"publish","type":"page","link":"https:\/\/acg.campingsingirona.com\/es\/publicacion-imagenes\/","title":{"rendered":"Publicaci\u00f3n de im\u00e1genes"},"content":{"rendered":"\n<h1 class=\"wp-block-heading has-large-font-size\">Publicaci\u00f3n de im\u00e1genes<\/h1>\n\n\n\n<p>ASSOCIACI\u00d3 DE C\u00c0MPINGS DE GIRONA\u00a0 informa al usuario que algunas de las im\u00e1genes que aparecen en su p\u00e1gina web pueden ser objeto de identificaci\u00f3n por parte de las personas fotografiadas.<\/p>\n\n\n\n<p>En este sentido, ASSOCIACI\u00d3 DE C\u00c0MPINGS DE GIRONA&nbsp; quiere dejar claro que la publicaci\u00f3n de estas im\u00e1genes, se ha hecho de manera leg\u00edtima, contando en algunos casos con el consentimiento previo del interesado\/da, por cesi\u00f3n de los propietarios de las mismas o enmarcadas dentro de un contexto de car\u00e1cter p\u00fablico sin que la imagen de la persona determinada aparezca como objetivo principal, sino como meramente accessoria y aleatoria, no afectando por lo tanto a su intimidad.<\/p>\n\n\n\n<p>No obstante,&nbsp; ASSOCIACI\u00d3 DE C\u00c0MPINGS DE GIRONA&nbsp; le informa que si se reconoce en alguna de las fotograf\u00edas o videos publicados en este portal\/blog y no desea aparecer, rogamos que nos lo comunique a trav\u00e9s de la direcci\u00f3n de correo electr\u00f3nico habilitada a tal efecto: info@campingsingirona.com adjuntando copia del documento acreditativo de su identidad y referenciando el apartado de la p\u00e1gina web donde se encuentra la imagen o video en el cual aparece. En el caso de menores de 14 a\u00f1os, la solicitud tendr\u00e1 que realizarla el padre, la madre o el tutor legal.<\/p>\n\n\n\n<p>As\u00ed mismo, ASSOCIACI\u00d3 DE C\u00c0MPINGS DE GIRONA&nbsp; como Responsable de Tratamiento, le informa que de acuerdo con aquello establecido en la Ley Org\u00e1nica 3\/2018 y el RGPD 2016\/679, las im\u00e1genes forman parte de su sistema de tratamiento, con fines de marketing digital y que permanecer\u00e1n almacenadas bajo las medidas de seguridad y t\u00e9cnicas adecuadas.<\/p>\n\n\n\n<p>Las im\u00e1genes ser\u00e1n conservadas por el plazo de tiempo exclusivo para dar cumplimiento a la finalidad por la cual se recogieron y mientras no prescriban los derechos que los usuarios pueden ejercer contra el Responsable.<\/p>\n\n\n\n<p>En ning\u00fan caso, ASSOCIACI\u00d3 DE C\u00c0MPINGS DE GIRONA&nbsp; ceder\u00e1 las im\u00e1genes a terceros ajenos, excepto por imperativo legal.<\/p>\n","protected":false},"excerpt":{"rendered":"<p>Publicaci\u00f3n de im\u00e1genes ASSOCIACI\u00d3 DE C\u00c0MPINGS DE GIRONA\u00a0 informa al usuario que algunas de las im\u00e1genes que aparecen en su p\u00e1gina web pueden ser objeto de identificaci\u00f3n por parte de las personas fotografiadas. En este sentido, ASSOCIACI\u00d3 DE C\u00c0MPINGS DE GIRONA&nbsp; quiere dejar claro que la publicaci\u00f3n de estas im\u00e1genes, se ha hecho de manera [&hellip;]<\/p>\n","protected":false},"author":1,"featured_media":0,"parent":0,"menu_order":0,"comment_status":"closed","ping_status":"closed","template":"template-texto.php","meta":{"_acf_changed":false,"footnotes":""},"class_list":["post-17326","page","type-page","status-publish","hentry"],"acf":[],"_links":{"self":[{"href":"https:\/\/acg.campingsingirona.com\/es\/wp-json\/wp\/v2\/pages\/17326","targetHints":{"allow":["GET"]}}],"collection":[{"href":"https:\/\/acg.campingsingirona.com\/es\/wp-json\/wp\/v2\/pages"}],"about":[{"href":"https:\/\/acg.campingsingirona.com\/es\/wp-json\/wp\/v2\/types\/page"}],"author":[{"embeddable":true,"href":"https:\/\/acg.campingsingirona.com\/es\/wp-json\/wp\/v2\/users\/1"}],"replies":[{"embeddable":true,"href":"https:\/\/acg.campingsingirona.com\/es\/wp-json\/wp\/v2\/comments?post=17326"}],"version-history":[{"count":3,"href":"https:\/\/acg.campingsingirona.com\/es\/wp-json\/wp\/v2\/pages\/17326\/revisions"}],"predecessor-version":[{"id":104869,"href":"https:\/\/acg.campingsingirona.com\/es\/wp-json\/wp\/v2\/pages\/17326\/revisions\/104869"}],"wp:attachment":[{"href":"https:\/\/acg.campingsingirona.com\/es\/wp-json\/wp\/v2\/media?parent=17326"}],"curies":[{"name":"wp","href":"https:\/\/api.w.org\/{rel}","templated":true}]}}