{"id":16597,"date":"2021-02-17T22:05:23","date_gmt":"2021-02-17T22:05:23","guid":{"rendered":"https:\/\/acg.campingsingirona.com\/politica-de-cookies\/"},"modified":"2023-11-24T08:24:08","modified_gmt":"2023-11-24T08:24:08","slug":"politica-de-cookies","status":"publish","type":"page","link":"https:\/\/acg.campingsingirona.com\/es\/politica-de-cookies\/","title":{"rendered":"Pol\u00edtica de cookies"},"content":{"rendered":"\n<h1 class=\"wp-block-heading has-large-font-size\">Pol\u00edtica de cookies<\/h1>\n\n\n\n<h2 class=\"wp-block-heading has-medium-font-size\"><strong><strong>DEFINICI\u00d3N Y FUNCI\u00d3N DE LAS COOKIES<\/strong><\/strong><\/h2>\n\n\n\n<p>Una Cookie es un fichero que se descarga en su ordenador al acceder a determinadas p\u00e1ginas web. Las cookies permiten a una p\u00e1gina web, entre otras cosas, almacenar y recuperar informaci\u00f3n sobre los h\u00e1bitos de navegaci\u00f3n de un usuario o de su equipo y, dependiendo de la informaci\u00f3n que contenga y de la forma en que utilice su equipo, pueden utilizarse para reconocer al usuario.<\/p>\n\n\n\n<p>Las cookies son esenciales para el funcionamiento de internet, aportando innumerables ventajas en la prestaci\u00f3n de servicios interactivos, facilit\u00e1ndole la navegaci\u00f3n y usabilidad de nuestra web.<\/p>\n\n\n\n<h2 class=\"wp-block-heading has-medium-font-size\">\u00bf<strong>QU\u00c9 TIPO DE COOKIES UTILIZA ESTA P\u00c1GINA WEB<\/strong>?<\/h2>\n\n\n\n<p>Seg\u00fan lo dispuesto en el art\u00edculo 22.2 de la Ley 34\/2002, de 11 de julio, de Servicios de la Sociedad de la Informaci\u00f3n y de Comercio Electr\u00f3nico (LSSI-CE), ASSOCIACIO DE CAMPINGS DE GIRONA informa de las cookies utilizadas en nuestra website:<\/p>\n\n\n\n<p>Las cookies propias de terceros prestadores de servicios son los siguientes: Las cookies de terceros son aquellas que se env\u00edan al equipo terminal del usuario des de un equipo o dominio que no es gestionado por el editor, sino por otra entidad que trabaja los datos obtenidos a trav\u00e9s de las cookies.<\/p>\n\n\n\n<h3 class=\"wp-block-heading\"><strong>Google Maps<\/strong><\/h3>\n\n\n\n<p>Dos cookies (PREF i NID) persistentes establecidas por aplicaciones de Google Maps i gestionadas por Google.<br>Para m\u00e1s detalle, puede consultar en el siguiente enlace la pol\u00edtica de privacidad de Google:&nbsp;<a href=\"http:\/\/www.google.com\/intl\/es\/policies\/privacy\/\" target=\"_blank\" rel=\"noopener\">http:\/\/www.google.com\/intl\/es\/policies\/privacy\/<\/a><\/p>\n\n\n\n<h3 class=\"wp-block-heading\"><strong>Google Analytics<\/strong><\/h3>\n\n\n\n<p>Para realizar las estad\u00edsticas de uso del sitio web se utilizan las cookies de Google Analytics. El objetivo es conocer el nivel de recurrencia de los visitantes y los contenidos que resultan m\u00e1s interesantes, as\u00ed se pueden concentrar los esfuerzos en mejorar las \u00e1reas m\u00e1s visitadas y hacer que el usuario encuentre m\u00e1s f\u00e1cilmente lo que busca.<\/p>\n\n\n\n<p>El sitio puede utilizar informaci\u00f3n de la visita del usuario para realizar avaluaciones y c\u00e1lculos estad\u00edsticos sobre datos an\u00f3nimos, as\u00ed como garantizar la continuidad del servicio o realizar mejoras en sus sitios web.<\/p>\n\n\n\n<p>Para m\u00e1s detalle, puede consultar en el siguiente enlace la pol\u00edtica de privacidad de Google:&nbsp;<a href=\"http:\/\/www.google.com\/intl\/es\/policies\/privacy\/\" target=\"_blank\" rel=\"noreferrer noopener\">http:\/\/www.google.com\/intl\/es\/policies\/privacy\/<\/a><\/p>\n\n\n\n<h3 class=\"wp-block-heading\"><strong><strong>Cookies publicitarias (complemento de Goolge Analytics)<\/strong><\/strong><\/h3>\n\n\n\n<p>Las cookies publicitarias permiten la gesti\u00f3n de los espacios publicitarios de acuerdo con criterios concretos, como pueden ser la frecuencia de acceso, el contenido editado, etc.<\/p>\n\n\n\n<p>Las cookies publicitarias permiten, a trav\u00e9s de la gesti\u00f3n de la publicidad, almacenar informaci\u00f3n del comportamiento a trav\u00e9s de la observaci\u00f3n de h\u00e1bitos, estudiando los accesos y formando un perfil de preferencias del usuario, para ofrecerle publicidad relacionada con los intereses de su perfil.<\/p>\n\n\n\n<p>Le informamos que el per\u00edodo de retenci\u00f3n de los datos recogidos por una misma cookie es de 50 meses posteriores a su \u00faltima actividad.<\/p>\n\n\n\n<p>Para m\u00e1s detalles se puede consultar los siguientes enlaces de Google:<\/p>\n\n\n\n<p><a href=\"https:\/\/support.google.com\/analytics\/answer\/2700409?hl=ca&amp;utm_id=ad\" target=\"_blank\" rel=\"noopener\">https:\/\/support.google.com\/analytics\/answer\/2700409?hl=ca&amp;utm_id=ad<\/a>&nbsp;y<\/p>\n\n\n\n<figure class=\"wp-block-embed\"><div class=\"wp-block-embed__wrapper\">\nhttps:\/\/support.google.com\/analytics\/answer\/3450482?hl=ca&#038;utm_id=ad\n<\/div><\/figure>\n\n\n\n<h3 class=\"wp-block-heading\"><strong><strong>Revocaci\u00f3n y eliminaci\u00f3n de cookies<\/strong><\/strong><\/h3>\n\n\n\n<p>LA ASSOCIACI\u00d3 DE C\u00c0MPINGS DE GIRONA informa al usuario de que tiene la posibilidad de configurar su navegador de modo que se le informe de la recepci\u00f3n de cookies, pudiendo, si as\u00ed lo desea, impedir que sean instaladas en su disco duro.<\/p>\n\n\n\n<p>Usted puede permitir, bloquear o eliminar las cookies instaladas en su equipo mediante la configuraci\u00f3n de las opciones del navegador. En el caso de no permitir la instalaci\u00f3n de cookies es posible que no pueda acceder a alguna de las secciones de la p\u00e1gina web.<\/p>\n\n\n\n<p>A continuaci\u00f3n le proporcionamos los enlaces de diversos navegadores, a trav\u00e9s de los cuales podr\u00e1 realizar dicha configuraci\u00f3n:<\/p>\n\n\n\n<ul class=\"wp-block-list\">\n<li><strong>Firefox&nbsp;<\/strong>des de aqu\u00ed: http:\/\/support.mozilla.org\/es\/kb\/habilitar-y-deshabilitar-cookies-que-los-sitios-we<\/li>\n\n\n\n<li><strong>Chrome&nbsp;<\/strong>des de aqu\u00ed: http:\/\/support.google.com\/chrome\/bin\/answer.py?hl=es&amp;answer=95647<\/li>\n\n\n\n<li><strong>Explorer&nbsp;<\/strong>des de aqu\u00ed: http:\/\/windows.microsoft.com\/es-es\/internet-explorer\/delete-manage-cookies#ie=ie-10<\/li>\n\n\n\n<li><strong>Safari&nbsp;<\/strong>des de aqu\u00ed: https:\/\/support.apple.com\/kb\/ph17191?locale=es_ES<\/li>\n\n\n\n<li><strong>Opera&nbsp;<\/strong>des de aqu\u00ed: http:\/\/help.opera.com\/Windows\/11.50\/es-ES\/cookies.html<\/li>\n<\/ul>\n\n\n\n<h3 class=\"wp-block-heading\"><strong><strong>M\u00c1S INFORMACI\u00d3N SOBRE COOKIES Y SU POL\u00cdTICA<\/strong><\/strong><\/h3>\n\n\n\n<p>Puede ampliar la informaci\u00f3n en los siguientes enlaces:<br><a rel=\"noreferrer noopener\" href=\"http:\/\/en.wikipedia.org\/wiki\/HTTP_cookie\" target=\"_blank\">http:\/\/en.wikipedia.org\/wiki\/HTTP_cookie<\/a><br><a rel=\"noreferrer noopener\" href=\"http:\/\/www.agpd.es\/portalwebAGPD\/canaldocumentacion\/publicaciones\/common\/Guias\/Guia_Cookies.pdf\" target=\"_blank\">http:\/\/www.agpd.es\/portalwebAGPD\/canaldocumentacion\/publicaciones\/common\/Guias\/Guia_Cookies.pdf<\/a><\/p>\n","protected":false},"excerpt":{"rendered":"<p>Pol\u00edtica de cookies DEFINICI\u00d3N Y FUNCI\u00d3N DE LAS COOKIES Una Cookie es un fichero que se descarga en su ordenador al acceder a determinadas p\u00e1ginas web. Las cookies permiten a una p\u00e1gina web, entre otras cosas, almacenar y recuperar informaci\u00f3n sobre los h\u00e1bitos de navegaci\u00f3n de un usuario o de su equipo y, dependiendo de [&hellip;]<\/p>\n","protected":false},"author":1,"featured_media":0,"parent":0,"menu_order":0,"comment_status":"closed","ping_status":"closed","template":"template-texto.php","meta":{"_acf_changed":false,"footnotes":""},"class_list":["post-16597","page","type-page","status-publish","hentry"],"acf":[],"_links":{"self":[{"href":"https:\/\/acg.campingsingirona.com\/es\/wp-json\/wp\/v2\/pages\/16597","targetHints":{"allow":["GET"]}}],"collection":[{"href":"https:\/\/acg.campingsingirona.com\/es\/wp-json\/wp\/v2\/pages"}],"about":[{"href":"https:\/\/acg.campingsingirona.com\/es\/wp-json\/wp\/v2\/types\/page"}],"author":[{"embeddable":true,"href":"https:\/\/acg.campingsingirona.com\/es\/wp-json\/wp\/v2\/users\/1"}],"replies":[{"embeddable":true,"href":"https:\/\/acg.campingsingirona.com\/es\/wp-json\/wp\/v2\/comments?post=16597"}],"version-history":[{"count":2,"href":"https:\/\/acg.campingsingirona.com\/es\/wp-json\/wp\/v2\/pages\/16597\/revisions"}],"predecessor-version":[{"id":104889,"href":"https:\/\/acg.campingsingirona.com\/es\/wp-json\/wp\/v2\/pages\/16597\/revisions\/104889"}],"wp:attachment":[{"href":"https:\/\/acg.campingsingirona.com\/es\/wp-json\/wp\/v2\/media?parent=16597"}],"curies":[{"name":"wp","href":"https:\/\/api.w.org\/{rel}","templated":true}]}}