{"id":108767,"date":"2024-07-30T10:31:05","date_gmt":"2024-07-30T10:31:05","guid":{"rendered":"https:\/\/acg.campingsingirona.com\/?page_id=108767"},"modified":"2025-06-27T08:27:59","modified_gmt":"2025-06-27T08:27:59","slug":"inscripciones","status":"publish","type":"page","link":"https:\/\/acg.campingsingirona.com\/es\/girocamping-pro\/inscripciones\/","title":{"rendered":"Inscripciones"},"content":{"rendered":"\n<p class=\"extendedwopts-hide extendedwopts-desktop extendedwopts-tablet extendedwopts-mobile has-text-align-center avis has-black-color has-text-color has-link-color wp-elements-63332ea14662d5d171e865ee18867289\"><strong>Places exhaurides. Per a m\u00e9s informaci\u00f3 del Girocamping PRO o de la Nit dels C\u00e0mpings Gironins, contacta a <a href=\"mailto:info@girocamping.com\" target=\"_blank\" rel=\"noreferrer noopener\">info@girocamping.com<\/a>.  Moltes gr\u00e0cies.<\/strong><\/p>\n\n\n\n<iframe src=\"https:\/\/portal.wetown.app\/ass-campings-girona\/tickets\/144?iframe=1\" frameborder=\"0\" scrolling=\"no\" seamless=\"seamless\" style=\"display:block; margin-top:50px; width:100%; height:1300px; overflow: hidden;\">\n<\/iframe>\n","protected":false},"excerpt":{"rendered":"<p>Places exhaurides. Per a m\u00e9s informaci\u00f3 del Girocamping PRO o de la Nit dels C\u00e0mpings Gironins, contacta a info@girocamping.com. Moltes gr\u00e0cies.<\/p>\n","protected":false},"author":1,"featured_media":0,"parent":19066,"menu_order":1,"comment_status":"closed","ping_status":"closed","template":"template-girocamping.php","meta":{"_acf_changed":false,"footnotes":""},"class_list":["post-108767","page","type-page","status-publish","hentry"],"acf":[],"_links":{"self":[{"href":"https:\/\/acg.campingsingirona.com\/es\/wp-json\/wp\/v2\/pages\/108767","targetHints":{"allow":["GET"]}}],"collection":[{"href":"https:\/\/acg.campingsingirona.com\/es\/wp-json\/wp\/v2\/pages"}],"about":[{"href":"https:\/\/acg.campingsingirona.com\/es\/wp-json\/wp\/v2\/types\/page"}],"author":[{"embeddable":true,"href":"https:\/\/acg.campingsingirona.com\/es\/wp-json\/wp\/v2\/users\/1"}],"replies":[{"embeddable":true,"href":"https:\/\/acg.campingsingirona.com\/es\/wp-json\/wp\/v2\/comments?post=108767"}],"version-history":[{"count":5,"href":"https:\/\/acg.campingsingirona.com\/es\/wp-json\/wp\/v2\/pages\/108767\/revisions"}],"predecessor-version":[{"id":114798,"href":"https:\/\/acg.campingsingirona.com\/es\/wp-json\/wp\/v2\/pages\/108767\/revisions\/114798"}],"up":[{"embeddable":true,"href":"https:\/\/acg.campingsingirona.com\/es\/wp-json\/wp\/v2\/pages\/19066"}],"wp:attachment":[{"href":"https:\/\/acg.campingsingirona.com\/es\/wp-json\/wp\/v2\/media?parent=108767"}],"curies":[{"name":"wp","href":"https:\/\/api.w.org\/{rel}","templated":true}]}}