{"id":17315,"date":"2021-01-28T01:53:18","date_gmt":"2021-01-28T01:53:18","guid":{"rendered":"https:\/\/acg.campingsingirona.com\/politica-privacidad\/"},"modified":"2025-01-13T11:31:22","modified_gmt":"2025-01-13T11:31:22","slug":"privacy-policy","status":"publish","type":"page","link":"https:\/\/acg.campingsingirona.com\/en\/privacy-policy\/","title":{"rendered":"Privacy Policy"},"content":{"rendered":"\n<h2 class=\"wp-block-heading\" id=\"privacy-policy\">Privacy Policy<\/h2>\n\n\n\n<p>ASSOCIACI\u00d3 DE C\u00c0MPINGS DE GIRONA is aware of how important it is for our users to obtain clear and transparent information about the use we make of the information they provide us with.<\/p>\n\n\n\n<p>Our relationship with our users is based on honesty, rigour and transparency in order to build solid relationships of mutual trust. By means of this Privacy Policy we detail how we treat your personal data when you interact with us.<\/p>\n\n\n\n<p>When we need to obtain information from you, we will always ask you to provide it voluntarily and expressly. The data provided by filling in the forms on the Portal will be incorporated into the information system for which ASSOCIACI\u00d3 DE C\u00c0MPINGS DE GIRONA is responsible.<\/p>\n\n\n\n<p>The legitimacy for the processing of your data is based on the free, specific, informed and unequivocal consent of the user, insofar as we inform you by making available to you not only this privacy policy, so that after reading it and if you agree, you accept the processing in question by ticking the box provided for this purpose, but also by including a first informative layer in the form itself.<\/p>\n\n\n\n<p>ASSOCIACI\u00d3 DE C\u00c0MPINGS DE GIRONA will process the data confidentially and for the sole purpose of providing the services requested, with all the legal and security guarantees imposed by Organic Law 3\/2018, of 5 December, on data protection and the Guarantee of Digital Rights, Regulation (EU) 2016\/679 of the European Parliament and of the Council, of 27 April 2016 (RGPD) and Law 34\/2002, of 11 July, on Information Society Services and Electronic Commerce.<\/p>\n\n\n\n<p>ASSOCIACI\u00d3 DE C\u00c0MPINGS DE GIRONA will process the user&#8217;s personal data collected through the website for the following purposes:<\/p>\n\n\n\n<ol class=\"wp-block-list\">\n<li>Sending information requested through the forms provided on the website.<\/li>\n\n\n\n<li>Sending newsletters, as well as commercial and\/or advertising communications from ASSOCIACI\u00d3 DE C\u00c0MPINGS DE GIRONA.<\/li>\n\n\n\n<li>To allow our website to function, through technical and functional cookies as detailed in our cookies policy.<\/li>\n<\/ol>\n\n\n\n<p>The fields in these registers must be filled in, and it will be impossible to carry out the purposes expressed if these data are not provided or if they are provided incorrectly or incompletely.<\/p>\n\n\n\n<p>The user declares that all the data provided by him\/her are true and correct and undertakes to keep them updated, notifying ASSOCIACI\u00d3 DE C\u00c0MPINGS DE GIRONA of any changes.<\/p>\n\n\n\n<p>The data you provide will not be communicated to third parties outside ASSOCIACI\u00d3 DE C\u00c0MPINGS DE GIRONA without your express approval, unless legally obliged to do so.<\/p>\n\n\n\n<p>The personal data provided will be kept for as long as the commercial relationship is maintained and the user has not requested its deletion, and for the period of time for which legal responsibilities may arise.<\/p>\n\n\n\n<p>Users may, at any time, revoke the consent given and exercise their rights of access, rectification, limitation of processing, portability, cancellation and opposition by writing to the registered office of ASSOCIACI\u00d3 DE C\u00c0MPINGS DE GIRONA located at Parc UdG, Edifici Narc\u00eds Monturiol, C\/ Emili Grahit 91 Bloc A \u2013 Oficina A.01.17 or by sending an email to info@campingsingirona.com duly identified and indicating in a visible manner the specific right being exercised.<\/p>\n\n\n\n<p>In application of the LSSI, ASSOCIACI\u00d3 DE C\u00c0MPINGS DE GIRONA will not send advertising or promotional communications by e-mail or any other equivalent means of electronic communication that have not been previously requested or expressly authorised by the recipients of the same. Consequently, in each of the forms on the website, the user has the option of giving their express consent to receive newsletters, regardless of the information specifically requested.<\/p>\n\n\n\n<p>ASSOCIACI\u00d3 DE C\u00c0MPINGS DE GIRONA adopts the necessary measures to guarantee the security, integrity and confidentiality of the data in accordance with the provisions of Organic Law 03\/2018 and other applicable regulations. However, it accepts no liability for damages arising from alterations that third parties may cause to the user&#8217;s computer systems, electronic documents or files.<\/p>\n\n\n\n<p>The use of cookies through the portal shall be governed by the provisions of our Cookies Policy, accessible at all times from the Portal.<\/p>\n\n\n\n<p>Any changes that we may introduce in the future to our privacy policy will be communicated on this page. In this way, you will be able to regularly check for updates or changes to our privacy policy.<\/p>\n\n\n\n<p>In the event of any disagreement with ASSOCIACI\u00d3 DE C\u00c0MPINGS DE GIRONA in relation to the processing of your data, you may lodge a complaint with the Spanish Data Protection Agency at its electronic headquarters (www.aepd.es).&nbsp;<\/p>\n\n\n\n<p>Spanish law shall apply to all disputes affecting this website, and the corresponding courts and tribunals shall have jurisdiction.<\/p>\n\n\n\n<h2 class=\"wp-block-heading has-medium-font-size\" id=\"social-media-privacy-policy\">SOCIAL MEDIA PRIVACY POLICY<\/h2>\n\n\n\n<p>In accordance with the provisions of the RGPD 2016\/679, the LOPDGDD 3\/2018 and Law 34\/2002, of 11 July, on Information Society Services and Electronic Commerce (LSSI-CE), ASSOCIACI\u00d3 DE C\u00c0MPINGS DE GIRONA informs users that it has created a profile on the Social Networks Facebook, Twitter, Instagram, Youtube and Linkedin with the main purpose of advertising its products and services.<\/p>\n\n\n\n<p>Users who have freely shown their interest by joining the page created by the ASSOCIACI\u00d3 DE C\u00c0MPINGS DE GIRONA, are legitimising us to process the personal data that is publicly displayed on their profile, especially their contact name. These data are only used within the Social Network itself. Under no circumstances will ASSOCIACI\u00d3 DE C\u00c0MPINSG DE GIRONA incorporate them into any database.<\/p>\n\n\n\n<p>ASSOCIACI\u00d3 DE C\u00c0MPINGS DE GIRONA may publish on the user&#8217;s profile all information already published on the Association&#8217;s page; send personal and individual messages through the social network channels, as well as publish updates on the status of the Association&#8217;s page on the user&#8217;s profile.<\/p>\n\n\n\n<p>In any case, as a user, at any time you can access the privacy policies of the social network itself, as well as configure your profile according to your privacy preferences.<\/p>\n\n\n\n<p>In turn, the user linked to the ASSOCIACI\u00d3 DE C\u00c0MPINGS DE GIRONA website may publish comments, links, images or photographs or any other type of multimedia content supported by the Social Network. In all cases, the user must be the owner of the content, hold the copyright and intellectual property rights or have the consent of the third parties affected.&nbsp;<\/p>\n\n\n\n<p>Any publication on the website, whether texts, graphics, photographs, videos, etc. that violate or are likely to violate morals, ethics, good taste or decorum, and\/or that infringe, violate or violate intellectual or industrial property rights, the right to image or the law, is expressly prohibited. In these cases, ASSOCIACI\u00d3 DE C\u00c0MPINGS DE GIRONA reserves the right to immediately remove the content, and may request the permanent blocking of the user.<\/p>\n\n\n\n<p>ASSOCIACI\u00d3 DE C\u00c0MPINGS DE GIRONA shall not be held responsible for the contents freely published by a user.<\/p>\n\n\n\n<h3 class=\"wp-block-heading\" id=\"exercise-of-rights\">EXERCISE OF RIGHTS<\/h3>\n\n\n\n<p>In relation to the rights of access, rectification, limitation of processing, portability, cancellation and opposition, which you as a user may exercise, you should bear in mind the following nuances:&nbsp;<\/p>\n\n\n\n<p>ASSOCIACI\u00d3 DE C\u00c0MPINGS DE GIRONA may only rectify information that is under its control, for example deleting comments published on the page itself. In many cases, this right must be exercised before the social network itself.<\/p>\n\n\n\n<p>With regard to the rights of cancellation, limitation and opposition, these may only be exercised in relation to information that is under the control of ASSOCIACI\u00d3 DE C\u00c0MPINGS DE GIRONA, for example, by ceasing to be linked to the profile. In other cases, you must contact the social network itself.<\/p>\n\n\n\n<p>As for the right of access, this will be defined by the functionality of the social network and the ability to access information from users&#8217; profiles.<\/p>\n\n\n\n<h4 class=\"wp-block-heading\" id=\"publication-images\">publication images<\/h4>\n\n\n\n<p>ASSOCIACI\u00d3 DE C\u00c0MPINGS DE GIRONA informs you that the images that may be published on your social network page will not be stored in any file by the Association but will remain on the Social Network.<\/p>\n\n\n\n<p>ASSOCIACI\u00d3 DE C\u00c0MPINGS DE GIRONA informs the user that some of the images that appear on its social network may be subject to identification by those photographed.&nbsp;<\/p>\n\n\n\n<p>If you recognise yourself in any of the photographs or videos published on this social network and do not wish to appear, please inform us via the e-mail address provided for this purpose: info@campingsingirona.com, attaching a copy of the document proving your identity and indicating the section of the page where the image or video in which you appear can be found.<\/p>\n\n\n\n<h4 class=\"wp-block-heading\" id=\"competitions-and-promotions\">competitions and promotions<\/h4>\n\n\n\n<p>ASSOCIACI\u00d3 DE C\u00c0MPINGS DE GIRONA reserves the right to carry out competitions and promotions, in which the user linked to its page may participate. The rules of participation when the Social Network platform is used for this purpose will be published on the same and always in compliance with the provisions of the SSI-CE and any other applicable regulations.<\/p>\n\n\n\n<p>The Social Network does not sponsor, endorse or administer, in any way, any of our promotions, nor is it associated with any of them.<\/p>\n\n\n\n<h4 class=\"wp-block-heading\" id=\"commercial-prospecting\">COMMERCIAL PROSPECTING<\/h4>\n\n\n\n<p>ASSOCIACI\u00d3 DE C\u00c0MPINGS DE GIRONA will use the Social Network to advertise its products and services. In any case, if it decides to use your contact details to carry out direct commercial prospecting actions, it will always be in compliance with the legal requirements of the RGPD and the LSSI-CE.<\/p>\n\n\n\n<p>Recommending the ASSOCIACI\u00d3 DE C\u00c0MPINGS DE GIRONA website to other users so that they can also enjoy promotions or be informed of its activity shall not be considered advertising.<\/p>\n","protected":false},"excerpt":{"rendered":"<p>Privacy Policy ASSOCIACI\u00d3 DE C\u00c0MPINGS DE GIRONA is aware of how important it is for our users to obtain clear and transparent information about the use we make of the information they provide us with. Our relationship with our users is based on honesty, rigour and transparency in order to build solid relationships of mutual [&hellip;]<\/p>\n","protected":false},"author":1,"featured_media":0,"parent":0,"menu_order":0,"comment_status":"closed","ping_status":"closed","template":"template-texto.php","meta":{"_acf_changed":false,"footnotes":""},"class_list":["post-17315","page","type-page","status-publish","hentry"],"acf":[],"_links":{"self":[{"href":"https:\/\/acg.campingsingirona.com\/en\/wp-json\/wp\/v2\/pages\/17315","targetHints":{"allow":["GET"]}}],"collection":[{"href":"https:\/\/acg.campingsingirona.com\/en\/wp-json\/wp\/v2\/pages"}],"about":[{"href":"https:\/\/acg.campingsingirona.com\/en\/wp-json\/wp\/v2\/types\/page"}],"author":[{"embeddable":true,"href":"https:\/\/acg.campingsingirona.com\/en\/wp-json\/wp\/v2\/users\/1"}],"replies":[{"embeddable":true,"href":"https:\/\/acg.campingsingirona.com\/en\/wp-json\/wp\/v2\/comments?post=17315"}],"version-history":[{"count":5,"href":"https:\/\/acg.campingsingirona.com\/en\/wp-json\/wp\/v2\/pages\/17315\/revisions"}],"predecessor-version":[{"id":111994,"href":"https:\/\/acg.campingsingirona.com\/en\/wp-json\/wp\/v2\/pages\/17315\/revisions\/111994"}],"wp:attachment":[{"href":"https:\/\/acg.campingsingirona.com\/en\/wp-json\/wp\/v2\/media?parent=17315"}],"curies":[{"name":"wp","href":"https:\/\/api.w.org\/{rel}","templated":true}]}}