{"id":23564,"date":"2021-09-16T10:58:35","date_gmt":"2021-09-16T10:58:35","guid":{"rendered":"https:\/\/acg.campingsingirona.com\/fournisseurs\/"},"modified":"2026-03-31T10:49:41","modified_gmt":"2026-03-31T10:49:41","slug":"lieferanten","status":"publish","type":"page","link":"https:\/\/acg.campingsingirona.com\/de\/lieferanten\/","title":{"rendered":"Lieferanten"},"content":{"rendered":"\n<div class=\"wp-block-group grup-generic has-background\" style=\"background-color:#327571\"><div class=\"wp-block-group__inner-container is-layout-flow wp-block-group-is-layout-flow\">\n<h3 class=\"wp-block-heading has-text-align-center has-white-color has-text-color has-link-color\"><strong>M\u00f6chten Sie ozieller Lieferant der ACG werden?<\/strong><\/h3>\n\n\n\n<p class=\"has-text-align-center has-white-color has-text-color has-link-color\">Kontaktieren Sie uns unter <a href=\"mailto:projectes@campingsingirona.com\">projectes@campingsingirona.com<\/a> und erkl\u00e4ren Sie uns, welche<br>Dienstleistungen Sie anbieten. Wir werden uns mit Ihnen in Kontakt setzen, um m\u00f6gliche Kooperationen<br>zu pr\u00fcfen.<\/p>\n<\/div><\/div>\n","protected":false},"excerpt":{"rendered":"<p>M\u00f6chten Sie ozieller Lieferant der ACG werden? Kontaktieren Sie uns unter projectes@campingsingirona.com und erkl\u00e4ren Sie uns, welcheDienstleistungen Sie anbieten. Wir werden uns mit Ihnen in Kontakt setzen, um m\u00f6gliche Kooperationenzu pr\u00fcfen.<\/p>\n","protected":false},"author":1,"featured_media":0,"parent":0,"menu_order":0,"comment_status":"closed","ping_status":"closed","template":"page-landing-two.php","meta":{"_acf_changed":false,"footnotes":""},"class_list":["post-23564","page","type-page","status-publish","hentry"],"acf":[],"_links":{"self":[{"href":"https:\/\/acg.campingsingirona.com\/de\/wp-json\/wp\/v2\/pages\/23564","targetHints":{"allow":["GET"]}}],"collection":[{"href":"https:\/\/acg.campingsingirona.com\/de\/wp-json\/wp\/v2\/pages"}],"about":[{"href":"https:\/\/acg.campingsingirona.com\/de\/wp-json\/wp\/v2\/types\/page"}],"author":[{"embeddable":true,"href":"https:\/\/acg.campingsingirona.com\/de\/wp-json\/wp\/v2\/users\/1"}],"replies":[{"embeddable":true,"href":"https:\/\/acg.campingsingirona.com\/de\/wp-json\/wp\/v2\/comments?post=23564"}],"version-history":[{"count":18,"href":"https:\/\/acg.campingsingirona.com\/de\/wp-json\/wp\/v2\/pages\/23564\/revisions"}],"predecessor-version":[{"id":118145,"href":"https:\/\/acg.campingsingirona.com\/de\/wp-json\/wp\/v2\/pages\/23564\/revisions\/118145"}],"wp:attachment":[{"href":"https:\/\/acg.campingsingirona.com\/de\/wp-json\/wp\/v2\/media?parent=23564"}],"curies":[{"name":"wp","href":"https:\/\/api.w.org\/{rel}","templated":true}]}}