{"id":29121,"date":"2022-01-17T09:56:14","date_gmt":"2022-01-17T09:56:14","guid":{"rendered":"https:\/\/acg.campingsingirona.com\/?page_id=29121"},"modified":"2023-11-23T10:51:32","modified_gmt":"2023-11-23T10:51:32","slug":"proteccio-dades","status":"publish","type":"page","link":"https:\/\/acg.campingsingirona.com\/ca\/proteccio-dades\/","title":{"rendered":"Protecci\u00f3 Dades"},"content":{"rendered":"\n<h1 class=\"wp-block-heading has-large-font-size\">Protecci\u00f3 de Dades<\/h1>\n\n\n\n<p><strong><em>Responsable del tractament<\/em>:<\/strong> ASSOCIACI\u00d3 DE C\u00c0MPINGS DE GIRONA <strong><em>Legitimaci\u00f3<\/em><\/strong><em>:<\/em> Consentiment expr\u00e9s de l&#8217;usuari&nbsp; <strong><em>Finalitat<\/em><\/strong><em>:<\/em> La gesti\u00f3 de la subscripci\u00f3 a la nostra <em>newsletter<\/em>&nbsp; <strong><em>Destinataris:<\/em><\/strong> Les dades no es cediran a tercers, excepte per imperatiu legal. <strong><em>Drets:<\/em><\/strong>En qualsevol moment podr\u00e0 revocar el consentiment prestat i exercir els seus drets d&#8217;acc\u00e9s, rectificaci\u00f3, cancel\u00b7laci\u00f3 i oposici\u00f3 dirigint-se per escrit a <a href=\"mailto:info@campingsingirona.com\">info@campingsingirona.com<\/a>. Pot consultar la informaci\u00f3 addicional i detallada sobre la nostra pol\u00edtica de Privacitat a www.campingsingirona.com<\/p>\n","protected":false},"excerpt":{"rendered":"<p>Protecci\u00f3 de Dades Responsable del tractament: ASSOCIACI\u00d3 DE C\u00c0MPINGS DE GIRONA Legitimaci\u00f3: Consentiment expr\u00e9s de l&#8217;usuari&nbsp; Finalitat: La gesti\u00f3 de la subscripci\u00f3 a la nostra newsletter&nbsp; Destinataris: Les dades no es cediran a tercers, excepte per imperatiu legal. Drets:En qualsevol moment podr\u00e0 revocar el consentiment prestat i exercir els seus drets d&#8217;acc\u00e9s, rectificaci\u00f3, cancel\u00b7laci\u00f3 i [&hellip;]<\/p>\n","protected":false},"author":1,"featured_media":0,"parent":0,"menu_order":0,"comment_status":"closed","ping_status":"closed","template":"template-texto.php","meta":{"_acf_changed":false,"footnotes":""},"class_list":["post-29121","page","type-page","status-publish","hentry"],"acf":[],"_links":{"self":[{"href":"https:\/\/acg.campingsingirona.com\/ca\/wp-json\/wp\/v2\/pages\/29121","targetHints":{"allow":["GET"]}}],"collection":[{"href":"https:\/\/acg.campingsingirona.com\/ca\/wp-json\/wp\/v2\/pages"}],"about":[{"href":"https:\/\/acg.campingsingirona.com\/ca\/wp-json\/wp\/v2\/types\/page"}],"author":[{"embeddable":true,"href":"https:\/\/acg.campingsingirona.com\/ca\/wp-json\/wp\/v2\/users\/1"}],"replies":[{"embeddable":true,"href":"https:\/\/acg.campingsingirona.com\/ca\/wp-json\/wp\/v2\/comments?post=29121"}],"version-history":[{"count":3,"href":"https:\/\/acg.campingsingirona.com\/ca\/wp-json\/wp\/v2\/pages\/29121\/revisions"}],"predecessor-version":[{"id":104839,"href":"https:\/\/acg.campingsingirona.com\/ca\/wp-json\/wp\/v2\/pages\/29121\/revisions\/104839"}],"wp:attachment":[{"href":"https:\/\/acg.campingsingirona.com\/ca\/wp-json\/wp\/v2\/media?parent=29121"}],"curies":[{"name":"wp","href":"https:\/\/api.w.org\/{rel}","templated":true}]}}