{"id":17323,"date":"2021-04-28T08:46:23","date_gmt":"2021-04-28T08:46:23","guid":{"rendered":"https:\/\/acg.campingsingirona.com\/publishing-images\/"},"modified":"2023-11-24T08:04:17","modified_gmt":"2023-11-24T08:04:17","slug":"publicacio-imatges","status":"publish","type":"page","link":"https:\/\/acg.campingsingirona.com\/ca\/publicacio-imatges\/","title":{"rendered":"Publicaci\u00f3 d&#8217;imatges"},"content":{"rendered":"\n<h1 class=\"wp-block-heading has-large-font-size\">Publicaci\u00f3 d&#8217;imatges<\/h1>\n\n\n\n<p>L\u2019ASSOCIACI\u00d3 DE C\u00c0MPINGS DE GIRONA informa a l\u2019usuari que algunes de les imatges que apareixen a la seva p\u00e0gina web poden ser objecte d\u2019identificaci\u00f3 per part de les persones fotografiades.<\/p>\n\n\n\n<p>En aquest sentit, l\u2019ASSOCIACI\u00d3 DE C\u00c0MPINGS DE GIRONA vol deixar clar que la publicaci\u00f3 d\u2019aquestes imatges s\u2019ha fet de forma leg\u00edtima, comptant en alguns casos amb el consentiment previ de l\u2019interessat\/da, per cessi\u00f2 dels propietaris de les mateixes o emmarcades dins d\u2019un context de car\u00e0cter p\u00fablic sense que l\u2019imatge de la persona determinada apareixi com a objectiu principal, sino com merament accessoria i aleatoria, no afectanant per tant a la seva intimitat.&nbsp;<\/p>\n\n\n\n<p>No obstant aix\u00f2, l\u2019ASSOCIACI\u00d3 DE C\u00c0MPINGS DE GIRONA l\u2019informa que es reconeix en alguna de les fotografies o v\u00eddeos publicats en aquest portal\/blog i no desitja apareixer, demanem que ens ho comuniqui a trav\u00e9s de l\u2019adre\u00e7a de correu electr\u00f2nic habiliada per aquest efecte: <a href=\"mailto:info@campingsingirona.com\">info@campingsingirona.com<\/a>, adjuntant c\u00f2pia del document acreditatiu de la seva identitat i referenciant l\u2019apartat de la p\u00e0gina web a on es troba l\u2019imatge o v\u00eddeo en el que apareix. En el cas de menors de 14 anys, la sol\u00b7licitut l\u2019haur\u00e0 de realitzar el pare, la mare o el tutor legal.&nbsp;<\/p>\n\n\n\n<p>Aix\u00ed mateix, l\u2019ASSOCIACI\u00d3 DE C\u00c0MPIGS DE GIRONA com Responsable de Tractament, l\u2019informa que d\u2019acord amb l\u2019establert a la Llei Org\u00e0nica 3\/2018 i el RGPD 2016\/679, les imatges formen part del seu sistema de tractament, amb finalitats de m\u00e0rqueting digital i que romandran emmagatzemades sota les mesures de seguretat i t\u00e8cniques adequades.&nbsp;<\/p>\n\n\n\n<p>Les imatges seran conservades pel termini de temps exclusiu per donar compliment a la finalitat per la que es van recollir i mentre no prescriguin els drets que els usuaris poden exercir contra el Responsable.&nbsp;<\/p>\n\n\n\n<p>En cap cas, l\u2019ASSOCIACI\u00d3 DE C\u00c0MPIGNS DE GIRONA cedir\u00e0 les imatges a tercres aliens, excepte per imperatiu legal.<\/p>\n","protected":false},"excerpt":{"rendered":"<p>Publicaci\u00f3 d&#8217;imatges L\u2019ASSOCIACI\u00d3 DE C\u00c0MPINGS DE GIRONA informa a l\u2019usuari que algunes de les imatges que apareixen a la seva p\u00e0gina web poden ser objecte d\u2019identificaci\u00f3 per part de les persones fotografiades. En aquest sentit, l\u2019ASSOCIACI\u00d3 DE C\u00c0MPINGS DE GIRONA vol deixar clar que la publicaci\u00f3 d\u2019aquestes imatges s\u2019ha fet de forma leg\u00edtima, comptant en [&hellip;]<\/p>\n","protected":false},"author":1,"featured_media":0,"parent":0,"menu_order":0,"comment_status":"closed","ping_status":"closed","template":"template-texto.php","meta":{"_acf_changed":false,"footnotes":""},"class_list":["post-17323","page","type-page","status-publish","hentry"],"acf":[],"_links":{"self":[{"href":"https:\/\/acg.campingsingirona.com\/ca\/wp-json\/wp\/v2\/pages\/17323","targetHints":{"allow":["GET"]}}],"collection":[{"href":"https:\/\/acg.campingsingirona.com\/ca\/wp-json\/wp\/v2\/pages"}],"about":[{"href":"https:\/\/acg.campingsingirona.com\/ca\/wp-json\/wp\/v2\/types\/page"}],"author":[{"embeddable":true,"href":"https:\/\/acg.campingsingirona.com\/ca\/wp-json\/wp\/v2\/users\/1"}],"replies":[{"embeddable":true,"href":"https:\/\/acg.campingsingirona.com\/ca\/wp-json\/wp\/v2\/comments?post=17323"}],"version-history":[{"count":2,"href":"https:\/\/acg.campingsingirona.com\/ca\/wp-json\/wp\/v2\/pages\/17323\/revisions"}],"predecessor-version":[{"id":104870,"href":"https:\/\/acg.campingsingirona.com\/ca\/wp-json\/wp\/v2\/pages\/17323\/revisions\/104870"}],"wp:attachment":[{"href":"https:\/\/acg.campingsingirona.com\/ca\/wp-json\/wp\/v2\/media?parent=17323"}],"curies":[{"name":"wp","href":"https:\/\/api.w.org\/{rel}","templated":true}]}}