{"id":12150,"date":"2021-02-17T22:06:10","date_gmt":"2021-02-17T22:06:10","guid":{"rendered":"https:\/\/acg.campingsingirona.com\/?page_id=12150"},"modified":"2025-01-13T10:55:26","modified_gmt":"2025-01-13T10:55:26","slug":"avis-legal","status":"publish","type":"page","link":"https:\/\/acg.campingsingirona.com\/ca\/avis-legal\/","title":{"rendered":"Av\u00eds legal"},"content":{"rendered":"\n<h1 class=\"wp-block-heading has-large-font-size\">Av\u00eds legal<\/h1>\n\n\n\n<h3 class=\"wp-block-heading\">Objecte i acceptaci\u00f3&nbsp;<\/h3>\n\n\n\n<p>El present av\u00eds legal regula l\u2019\u00fas de la p\u00e0gina web <a href=\"http:\/\/www.campingsingirona.com\">www.campingsingirona.com<\/a>, que \u00e9s titularitat de l\u2019ASSOCIACI\u00d3 DE C\u00c0MPINGS DE GIRONA.<\/p>\n\n\n\n<p>La navegaci\u00f3 i la utilitzaci\u00f3 dels serveis del portal, atribueix la condici\u00f3 de l\u2019usuari del mateix i suposa l\u2019acceptaci\u00f3 plena i sense reserves de cap tipus de totes i cadascuna de les disposicions incloses en aquest Av\u00eds Legal.&nbsp;<\/p>\n\n\n\n<p>L\u2019ASSOCIACI\u00d3 DE C\u00c0MPINGS DE GIRONA podr\u00e0 en tot moment i sense previ av\u00eds modificar les presents disposicions, mitjan\u00e7ant la seva publicaci\u00f3 al Portal amb la finalitat que siguin conegudes amb car\u00e0cter previ pels usuaris.&nbsp;<\/p>\n\n\n\n<p>L\u2019usuari est\u00e0 obligat a fer un \u00fas correcte de La P\u00e0gina Web de conformitat amb la llei, la bona fe, l\u2019ordre p\u00fablic, els usos de tr\u00e0fic i el present Av\u00eds Legal i respondr\u00e0 davant del propietari de La P\u00e0gina Web o davant de tercers pels danys o prejudicis que puguin sorgir com a conseq\u00fc\u00e8ncia de l\u2019incompliment d\u2019aquesta obligaci\u00f3.&nbsp;<\/p>\n\n\n\n<h3 class=\"wp-block-heading\">Identificaci\u00f3 i comunicacions<\/h3>\n\n\n\n<p>El propietari de La P\u00e0gina Web en compliment de la llei 34\/2002, de l\u201911 de juliol, de Serveis de la Societat de la Informaci\u00f3 i Comer\u00e7 Electr\u00f2nic (LSSICE), l\u2019informa que:<\/p>\n\n\n\n<p>La seva denominaci\u00f3 social \u00e9s: ASSOCIACI\u00d3 DE C\u00c0MPINGS DE GIRONA<\/p>\n\n\n\n<p>El seu nom comercial \u00e9s: C\u00c0MPINGS DE GIRONA<\/p>\n\n\n\n<p>El seu CIF \u00e9s:&nbsp; G17116153<\/p>\n\n\n\n<p>El seu domicili social es troba a: Parc UdG, Edifici Narc\u00eds Monturiol, C\/ Emili Grahit 91 Bloc A \u2013 Oficina A.01.17<\/p>\n\n\n\n<p>Per comunicar-se amb nosaltres, posem a la seva disposici\u00f3 diversos mitjans de contacte que es detallen a continuaci\u00f3:<\/p>\n\n\n\n<p>Tel\u00e8fon: 972129337<\/p>\n\n\n\n<p>&nbsp;Correu electr\u00f2nic: info@campingsingirona.com<\/p>\n\n\n\n<p>Totes les notificacions i comunicacions entre els usuaris i el propietari de La P\u00e0gina Web es consideraran eficaces, a tots els efectes, quan es portin a terme a trav\u00e9s del correu postal o qualsevol altre mitj\u00e0 detallat anteriorment.&nbsp;<\/p>\n\n\n\n<h3 class=\"wp-block-heading\">Condicions d\u2019acc\u00e9s i \u00fas&nbsp;<\/h3>\n\n\n\n<p>La P\u00e0gina Web i els seus serveis s\u00f3n d\u2019acc\u00e9s lliure i gratu\u00eft, no obstant aix\u00f2, el propietari de La P\u00e0gina Web pot condicionar l\u2019\u00fas d\u2019alguns dels serveis oferts a la seva p\u00e0gina web al previ emplenament del corresponent formulari, pr\u00e8via lectura i acceptaci\u00f3 \u00edntegra, expressa i sense reserves del present Av\u00eds Legal i de la Pol\u00edtica de Privacitat.&nbsp;<\/p>\n\n\n\n<p>L\u2019usuari garanteix l\u2019autenticitat i actualitat de totes les dades que comuniqui al propietari de La P\u00e0gina Web i ser\u00e0 l\u2019\u00fanic responsable de les manifestacions falses o inexactes que dugui a terme.&nbsp;<\/p>\n\n\n\n<p>Si l\u2019usuari no estigu\u00e9s d\u2019acord amb les condicions d\u2019\u00fas, haur\u00e0 d\u2019abstenir-se d\u2019utilitzar aquest portal i d\u2019operar per mitj\u00e0 del mateix.&nbsp;<\/p>\n\n\n\n<p>L\u2019usuari es compromet a fer un \u00fas diligent, correcte i l\u00edcit dels continguts i serveis del Portal i a no utilitzar-los per, entre d\u2019altres:<\/p>\n\n\n\n<p>a) Difusi\u00f3 de continguts delictius, violents, pornogr\u00e0fics, racistes, xen\u00f2fobs, ofensius, d\u2019apologia del terrorisme o, en general, contraris a la llei, a la moral i a les bones costums o a l\u2019ordre p\u00fablic.&nbsp;<\/p>\n\n\n\n<p>b) Introduir a la xarxa virus inform\u00e0tics o realitzar actuacions susceptibles d\u2019alterar, danyar, interrompre o generar errors o danys en els sistemes f\u00edsics i l\u00f2gics del propietari de La P\u00e0gina Web o de tercers, aix\u00ed com obstaculitzar l\u2019acc\u00e9s d\u2019altres usuaris a La P\u00e0gina Web i als seus serveis mitjan\u00e7ant el consum massiu dels recursos inform\u00e0tics a trav\u00e9s dels quals el propietari de La P\u00e0gina Web presta els seus serveis.&nbsp;<\/p>\n\n\n\n<p>c) La recollida i\/o utilitzaci\u00f3 de dades personals d\u2019altres usuaris sense el seu consentiment expr\u00e9s o contravenint el disposat a la normativa vigent en mat\u00e8ria de protecci\u00f3 de dades.&nbsp;<\/p>\n\n\n\n<p>d) Vulnerar els drets de propietat intel\u00b7lectual o industrial, aix\u00ed com violar la confidencialitat de la informaci\u00f3 del propietari de La P\u00e0gina Web o de tercers.&nbsp;<\/p>\n\n\n\n<p>e) Suplantar la identitat d\u2019un altre usuari, de les administracions p\u00fabliques o d\u2019un tercer.&nbsp;<\/p>\n\n\n\n<p>f) Queda prohibit, qualsevol acte de transmissi\u00f3, distribuci\u00f3, cessi\u00f3, modificaci\u00f3, reproducci\u00f3, emmagatzematge o comunicaci\u00f3 p\u00fablica total o parcial dels continguts de La P\u00e0gina Web que no hagi estat expressament autoritzada pel titular dels drets d\u2019explotaci\u00f3 o resulti legalment perm\u00e8s.&nbsp;<\/p>\n\n\n\n<p>g) La utilitzaci\u00f3 del servidor de correu del domini i de les adreces de correu electr\u00f2nic per l\u2019enviament de correu massiu no autoritzat.&nbsp;<\/p>\n\n\n\n<p>h) L\u2019usuari haur\u00e0 d\u2019abstenir-se de realitzar manifestacions o indicacions falses, inexactes o incorrectes sobre el propietari de La P\u00e0gina Web o incloure continguts il\u00b7l\u00edcits contraris als bons usos i l\u2019odre.&nbsp;<\/p>\n\n\n\n<p>L\u2019establiment d\u2019un hiperenlla\u00e7 no implica en cap cas, l\u2019exist\u00e8ncia de relacions entre el propietari de La P\u00e0gina Web i el propietari de la p\u00e0gina web en la que s\u2019estableixi, ni l\u2019acceptaci\u00f3 i aprovaci\u00f3 per part del propietari de La P\u00e0gina Web dels seus continguts i serveis. Aquells que vulguin establir un hiperenlla\u00e7, pr\u00e8viament hauran de sol\u00b7licitar autoritzaci\u00f3 per escrit al propietari de La P\u00e0gina Web. En qualsevol cas, l\u2019hiperenlla\u00e7 tan sols permetr\u00e0 l\u2019acc\u00e9s a la homepage o p\u00e0gina d\u2019inici de La P\u00e0gina Web.&nbsp;<\/p>\n\n\n\n<p>L\u2019ASSOCIACI\u00d3 DE C\u00c0MPINGS DE GIRONA no ser\u00e0 responsable del contingut de les p\u00e0gines web de dest\u00ed que s\u2019estableixin mitjan\u00e7ant vincles al Portal ni tampoc de les infraccions de drets de tercers en els que aquestes p\u00e0gines poguessin inc\u00f3rrer.&nbsp;&nbsp;<\/p>\n\n\n\n<h3 class=\"wp-block-heading\">PROPIETAT INDUSTRIAL I INTEL\u00b7LECTUAL<\/h3>\n\n\n\n<p>Tots els continguts inclosos al Portal i en particular les marques, noms comercials, dissenys industrials, dissenys, textos, fotografies, gr\u00e0fics, logotips, icones, software o qualsevol altres signes susceptibles d\u2019utilitzaci\u00f3 industrial i comercial estan protegits per drets de propietat industrial i intel\u00b7lectual de l\u2019ASSOCIACI\u00d3 DE C\u00c0MPIGNS DE GIRONA o de tercers titulars dels mateixos que han autoritzat la seva inclusi\u00f3 al Portal. Queda per tant prohibida qualsevol utilitzaci\u00f3 i\/o reproducci\u00f3 dels mateixos sense consentiment expr\u00e9s de l\u2019ASSOCIACI\u00d3 DE C\u00c0MPINGS DE GIRONA.&nbsp;&nbsp;<\/p>\n\n\n\n<p>L\u2019ASSOCIACI\u00d3 DE C\u00c0MPINGS DE GIRONA no ser\u00e0 responsable de la infracci\u00f3 dels drets de propietat intel\u00b7lectual o industrial de tercers que es poguessin derivar de la inclusi\u00f3 al Portal de marques, noms comercials, dissenys industrials, dissenys, textos, fotografies, gr\u00e0fics, logotips, icones o software pertanyents a tercers que hagin declarat ser titulars dels mateixos al incloure\u2019ls al Portal.&nbsp;<\/p>\n\n\n\n<p>En cap cas s\u2019entendr\u00e0 que l\u2019acc\u00e9s i la navegaci\u00f3 de l\u2019Usuari implica una autoritzaci\u00f3 o que s\u2019efectua ren\u00fancia, transmissi\u00f3, cessi\u00f3 total o parcial d\u2019aquests drets ni la concessi\u00f3 de cap dret ni expectativa de dret i en concret, de l\u2019alteraci\u00f3, transformaci\u00f3, explotaci\u00f3, reproducci\u00f3, distribuci\u00f3 o comunicaci\u00f3 p\u00fablica sobre els citats continguts sense la pr\u00e8via autoritzaci\u00f3 expressa del propietari de La P\u00e0gina Web o dels titulars corresponents.&nbsp;<\/p>\n\n\n\n<h3 class=\"wp-block-heading\">Exclusi\u00f3 de garanties i responsabilitat<\/h3>\n\n\n\n<p>El propietari de La P\u00e0gina Web exclou, fins a on li permet l\u2019ordenament jur\u00eddic, qualsevol responsabilitat per danys i prejudicis de qualsevol naturalesa derivats de:&nbsp;<\/p>\n\n\n\n<p>a) La impossibilitat d\u2019acc\u00e9s a La P\u00e0gina Web.<\/p>\n\n\n\n<p>b) La falta de veracitat, exactitud, exhaustivitat i\/o actualitat dels continguts als que s\u2019hagi accedit a trav\u00e9s de La P\u00e0gina Web, aix\u00ed com la exist\u00e8ncia en els mateixos de vicis i defectes.&nbsp;<\/p>\n\n\n\n<p>c) La pres\u00e8ncia de virus o altres elements en els continguts que puguin produir alteracions en els sistemes inform\u00e0tics, documents electr\u00f2nics o dades de l\u2019usuari.&nbsp;<\/p>\n\n\n\n<p>d) L\u2019incompliment de les lleis, la bona fe, l\u2019ordre p\u00fablic, els uso del tr\u00e0fic i el present Av\u00eds Legal, com a resultat de l\u2019\u00fas incorrecte del lloc Web. En particular i a mode d\u2019exemple, el propietari de La P\u00e0gina Web no es fa responsable de les actuacions de tercers que vulnerin drets de propietat intel\u00b7lectual i industrial, secrets empresarials, drets a l\u2019honor, a la intimitat personal i familiar i a la pr\u00f2pia imatge, aix\u00ed com la normativa sobre compet\u00e8ncia deslleial i publicitat il\u00b7l\u00edcita.&nbsp;<\/p>\n\n\n\n<p>e) L\u2019ASSOCIACI\u00d3 DE C\u00c0MPINGS DE GIRONA no \u00e9s responsable de l\u2019establiment d\u2019hipervincles per part de tercers. Declina qualsevol responsabilitat respecte a la informaci\u00f3 que es trobi fora d\u2019aquest lloc web i no sigui gestionada directament pel seu webmaster. La funci\u00f3 dels enlla\u00e7os que apareixen a La P\u00e0gina Web \u00e9s exclusivament la d\u2019informar a l\u2019usuari sobre l\u2019exist\u00e8ncia d\u2019altres fonts que podrien ampliar els continguts oferts. El propietari de La P\u00e0gina Web no garanteix ni \u00e9s responsable del funcionament o de l\u2019acc\u00e9s als llocs enlla\u00e7ats, ni suggereix, invita o recomana la visita dels mateixos, pel que tampoc ser\u00e0 responsable dels resultats obtinguts.&nbsp;<\/p>\n\n\n\n<h3 class=\"wp-block-heading\">Publicacions<\/h3>\n\n\n\n<p>La informaci\u00f3 aqu\u00ed publicada s\u2019ha d\u2019entendre com una guia sense prop\u00f2sit de validesa legal i no substitueix la publicitat legal de les lleis, normatives, plans, disposicions generals i actes que han d\u2019estar formalment publicats als butlletins oficials de les Administracions P\u00fabliques i que s\u00f3n l\u2019\u00fanic instrument que dona fe de la seva autenticitat i contingut.<\/p>\n","protected":false},"excerpt":{"rendered":"<p>Av\u00eds legal Objecte i acceptaci\u00f3&nbsp; El present av\u00eds legal regula l\u2019\u00fas de la p\u00e0gina web www.campingsingirona.com, que \u00e9s titularitat de l\u2019ASSOCIACI\u00d3 DE C\u00c0MPINGS DE GIRONA. La navegaci\u00f3 i la utilitzaci\u00f3 dels serveis del portal, atribueix la condici\u00f3 de l\u2019usuari del mateix i suposa l\u2019acceptaci\u00f3 plena i sense reserves de cap tipus de totes i cadascuna [&hellip;]<\/p>\n","protected":false},"author":1,"featured_media":0,"parent":0,"menu_order":0,"comment_status":"closed","ping_status":"closed","template":"template-texto.php","meta":{"_acf_changed":false,"footnotes":""},"class_list":["post-12150","page","type-page","status-publish","hentry"],"acf":[],"_links":{"self":[{"href":"https:\/\/acg.campingsingirona.com\/ca\/wp-json\/wp\/v2\/pages\/12150","targetHints":{"allow":["GET"]}}],"collection":[{"href":"https:\/\/acg.campingsingirona.com\/ca\/wp-json\/wp\/v2\/pages"}],"about":[{"href":"https:\/\/acg.campingsingirona.com\/ca\/wp-json\/wp\/v2\/types\/page"}],"author":[{"embeddable":true,"href":"https:\/\/acg.campingsingirona.com\/ca\/wp-json\/wp\/v2\/users\/1"}],"replies":[{"embeddable":true,"href":"https:\/\/acg.campingsingirona.com\/ca\/wp-json\/wp\/v2\/comments?post=12150"}],"version-history":[{"count":5,"href":"https:\/\/acg.campingsingirona.com\/ca\/wp-json\/wp\/v2\/pages\/12150\/revisions"}],"predecessor-version":[{"id":111986,"href":"https:\/\/acg.campingsingirona.com\/ca\/wp-json\/wp\/v2\/pages\/12150\/revisions\/111986"}],"wp:attachment":[{"href":"https:\/\/acg.campingsingirona.com\/ca\/wp-json\/wp\/v2\/media?parent=12150"}],"curies":[{"name":"wp","href":"https:\/\/api.w.org\/{rel}","templated":true}]}}