{"id":117598,"date":"2026-02-12T10:58:17","date_gmt":"2026-02-12T10:58:17","guid":{"rendered":"https:\/\/acg.campingsingirona.com\/?page_id=117598"},"modified":"2026-03-18T09:02:30","modified_gmt":"2026-03-18T09:02:30","slug":"vine-al-camping-talent","status":"publish","type":"page","link":"https:\/\/acg.campingsingirona.com\/ca\/vine-al-camping-talent\/","title":{"rendered":"Vine al Camping Talent!"},"content":{"rendered":"\n<div class=\"wp-block-group page-wrapper\"><div class=\"wp-block-group__inner-container is-layout-flow wp-block-group-is-layout-flow\">\n<h1 class=\"wp-block-heading has-text-align-center\"><strong>Vine al Camping Talent!<\/strong><\/h1>\n<\/div><\/div>\n\n\n\n<p class=\"page-wrapper\" style=\"max-width:1060px; margin:0 auto; text-align:center; font-weight:800;\">Vols treballar als c\u00e0mpings de Girona? Aquesta \u00e9s la teva oportunitat!<\/p><br>\n\n\n\n<p class=\"page-wrapper\" style=\"max-width:1060px; margin:0 auto;\">Ens veiem a la propera edici\u00f3 del Camping Talent!.<br> Descobreix la borsa de feina dels c\u00e0mpings de Girona, on podr\u00e0s trobar totes les ofertes disponibles.<br>Troba-les a <a href=\"https:\/\/jobs.campingsingirona.com\" style=\"color:#000;\">jobs.campingsingirona.com<\/a><\/p>\n\n\n\n<p class=\"page-wrapper\" style=\"max-width:1060px; margin:0 auto; display:none;\">El pr\u00f2xim 11 de mar\u00e7, de 10 h a 17 h, vine a la 1a fira d\u2019ocupaci\u00f3 dels C\u00e0mpings Gironins, un punt de trobada \u00fanic entre talent i oportunitats laborals, que tindr\u00e0 lloc a la sala Giroempr\u00e8n del Parc Cient\u00edfic i Tecnol\u00f2gic de Girona.<br><br>Durant la jornada podr\u00e0s descobrir totes les ofertes de feina dels c\u00e0mpings de Girona, parlar directament amb les empreses, fer entrevistes, resoldre dubtes i con\u00e8ixer de primera m\u00e0 qu\u00e8 significa treballar en un sector din\u00e0mic i amb un gran ambient d\u2019equip.<br><br>Si busques una feina o una nova experi\u00e8ncia professional, t\u2019agrada el tracte amb les persones i vols formar part d\u2019un sector en creixement, aquesta fira \u00e9s per a tu.\n\n\n\n<div style=\"height:40px\" aria-hidden=\"true\" class=\"wp-block-spacer\"><\/div>\n\n\n\n<div class=\"_form_11\"><\/div>\n\n\n\n<script src=\"https:\/\/campingsingirona.activehosted.com\/f\/embed.php?id=11\" charset=\"utf-8\"><\/script>\n\n\n\n<div style=\"height:26px\" aria-hidden=\"true\" class=\"wp-block-spacer\"><\/div>\n\n\n\n<p><\/p>\n","protected":false},"excerpt":{"rendered":"<p>Vine al Camping Talent! Vols treballar als c\u00e0mpings de Girona? Aquesta \u00e9s la teva oportunitat! Ens veiem a la propera edici\u00f3 del Camping Talent!. Descobreix la borsa de feina dels c\u00e0mpings de Girona, on podr\u00e0s trobar totes les ofertes disponibles.Troba-les a jobs.campingsingirona.com El pr\u00f2xim 11 de mar\u00e7, de 10 h a 17 h, vine a [&hellip;]<\/p>\n","protected":false},"author":16,"featured_media":0,"parent":0,"menu_order":0,"comment_status":"closed","ping_status":"closed","template":"","meta":{"_acf_changed":false,"footnotes":""},"class_list":["post-117598","page","type-page","status-publish","hentry"],"acf":[],"_links":{"self":[{"href":"https:\/\/acg.campingsingirona.com\/ca\/wp-json\/wp\/v2\/pages\/117598","targetHints":{"allow":["GET"]}}],"collection":[{"href":"https:\/\/acg.campingsingirona.com\/ca\/wp-json\/wp\/v2\/pages"}],"about":[{"href":"https:\/\/acg.campingsingirona.com\/ca\/wp-json\/wp\/v2\/types\/page"}],"author":[{"embeddable":true,"href":"https:\/\/acg.campingsingirona.com\/ca\/wp-json\/wp\/v2\/users\/16"}],"replies":[{"embeddable":true,"href":"https:\/\/acg.campingsingirona.com\/ca\/wp-json\/wp\/v2\/comments?post=117598"}],"version-history":[{"count":44,"href":"https:\/\/acg.campingsingirona.com\/ca\/wp-json\/wp\/v2\/pages\/117598\/revisions"}],"predecessor-version":[{"id":118053,"href":"https:\/\/acg.campingsingirona.com\/ca\/wp-json\/wp\/v2\/pages\/117598\/revisions\/118053"}],"wp:attachment":[{"href":"https:\/\/acg.campingsingirona.com\/ca\/wp-json\/wp\/v2\/media?parent=117598"}],"curies":[{"name":"wp","href":"https:\/\/api.w.org\/{rel}","templated":true}]}}