{"id":108480,"date":"2024-07-19T10:15:22","date_gmt":"2024-07-19T10:15:22","guid":{"rendered":"https:\/\/acg.campingsingirona.com\/?page_id=108480"},"modified":"2025-10-13T14:07:06","modified_gmt":"2025-10-13T14:07:06","slug":"inscripcions","status":"publish","type":"page","link":"https:\/\/acg.campingsingirona.com\/ca\/girocamping-pro\/inscripcions\/","title":{"rendered":"Inscripcions"},"content":{"rendered":"\n<p class=\"extendedwopts-hide extendedwopts-desktop extendedwopts-tablet extendedwopts-mobile avis has-black-color has-text-color has-link-color wp-elements-5e771f1db9d17b0428165c0328de3aa8\"><strong>Places exhaurides. Per a m\u00e9s informaci\u00f3 del Girocamping PRO o de la Nit dels C\u00e0mpings Gironins, contacta a <a href=\"mailto:info@girocamping.com\" target=\"_blank\" rel=\"noreferrer noopener\">info@girocamping.com<\/a>.  Moltes gr\u00e0cies.<\/strong><\/p>\n\n\n\n<p><\/p>\n\n\n\n<iframe src=\"https:\/\/portal.wetown.app\/ass-campings-girona\/tickets\/144?iframe=1\" frameborder=\"0\" scrolling=\"no\" seamless=\"seamless\" style=\"display:block; margin-top:50px; width:100%; height:1300px; overflow: hidden;\">\n<\/iframe>\n\n\n\n<p><\/p>\n\n\n\n<p><\/p>\n\n\n\n<p><\/p>\n\n\n\n<p><\/p>\n","protected":false},"excerpt":{"rendered":"<p>Places exhaurides. Per a m\u00e9s informaci\u00f3 del Girocamping PRO o de la Nit dels C\u00e0mpings Gironins, contacta a info@girocamping.com. Moltes gr\u00e0cies.<\/p>\n","protected":false},"author":1,"featured_media":0,"parent":19565,"menu_order":0,"comment_status":"closed","ping_status":"closed","template":"template-girocamping.php","meta":{"_acf_changed":false,"footnotes":""},"class_list":["post-108480","page","type-page","status-publish","hentry"],"acf":[],"_links":{"self":[{"href":"https:\/\/acg.campingsingirona.com\/ca\/wp-json\/wp\/v2\/pages\/108480","targetHints":{"allow":["GET"]}}],"collection":[{"href":"https:\/\/acg.campingsingirona.com\/ca\/wp-json\/wp\/v2\/pages"}],"about":[{"href":"https:\/\/acg.campingsingirona.com\/ca\/wp-json\/wp\/v2\/types\/page"}],"author":[{"embeddable":true,"href":"https:\/\/acg.campingsingirona.com\/ca\/wp-json\/wp\/v2\/users\/1"}],"replies":[{"embeddable":true,"href":"https:\/\/acg.campingsingirona.com\/ca\/wp-json\/wp\/v2\/comments?post=108480"}],"version-history":[{"count":13,"href":"https:\/\/acg.campingsingirona.com\/ca\/wp-json\/wp\/v2\/pages\/108480\/revisions"}],"predecessor-version":[{"id":114797,"href":"https:\/\/acg.campingsingirona.com\/ca\/wp-json\/wp\/v2\/pages\/108480\/revisions\/114797"}],"up":[{"embeddable":true,"href":"https:\/\/acg.campingsingirona.com\/ca\/wp-json\/wp\/v2\/pages\/19565"}],"wp:attachment":[{"href":"https:\/\/acg.campingsingirona.com\/ca\/wp-json\/wp\/v2\/media?parent=108480"}],"curies":[{"name":"wp","href":"https:\/\/api.w.org\/{rel}","templated":true}]}}